{"id":2784,"date":"2026-02-10T10:58:36","date_gmt":"2026-02-10T09:58:36","guid":{"rendered":"https:\/\/elbombo.pl\/?page_id=2784"},"modified":"2026-05-04T11:43:50","modified_gmt":"2026-05-04T09:43:50","slug":"strona-glowna-2","status":"publish","type":"page","link":"https:\/\/elbombo.pl\/index.php\/strona-glowna-2\/","title":{"rendered":"Strona g\u0142\u00f3wna"},"content":{"rendered":"<p><a href=\"https:\/\/elbombo.pl\/index.php\/lato-2026-2\/\"><br \/>\n\t\t\t\t\t\t\t<img fetchpriority=\"high\" decoding=\"async\" width=\"640\" height=\"237\" src=\"http:\/\/elbombo.pl\/wp-content\/uploads\/2026\/05\/nastroneglowna.png\" alt=\"\" srcset=\"<img fetchpriority=\"high\" decoding=\"async\" class=\"embedded-image-link\" src=\"https:\/\/elbombo.pl\/wp-content\/uploads\/2026\/05\/nastroneglowna.png\"> 851w, <img decoding=\"async\" class=\"embedded-image-link\" src=\"https:\/\/elbombo.pl\/wp-content\/uploads\/2026\/05\/nastroneglowna-300x111.png\"> 300w, <img decoding=\"async\" class=\"embedded-image-link\" src=\"https:\/\/elbombo.pl\/wp-content\/uploads\/2026\/05\/nastroneglowna-768x284.png\"> 768w, <img decoding=\"async\" class=\"embedded-image-link\" src=\"https:\/\/elbombo.pl\/wp-content\/uploads\/2026\/05\/nastroneglowna-600x222.png\"> 600w&#8221; sizes=&#8221;(max-width: 640px) 100vw, 640px&#8221; \/>\t\t\t\t\t\t\t\t<\/a><br \/>\n\t\t\t\t\t\t\t\t\t\t\t\t\t\t\t\t<a href=\"https:\/\/elbombo.pl\/index.php\/oferta\/hiszpanski\/dzieci-25-6-lat\/\"><br \/>\n\t\t\t\t\t\t\t<img decoding=\"async\" width=\"240\" height=\"300\" src=\"http:\/\/elbombo.pl\/wp-content\/uploads\/2025\/09\/1000150813-240x300.jpg\" alt=\"\" srcset=\"<img decoding=\"async\" class=\"embedded-image-link\" src=\"https:\/\/elbombo.pl\/wp-content\/uploads\/2025\/09\/1000150813-240x300.jpg\"> 240w, <img decoding=\"async\" class=\"embedded-image-link\" src=\"https:\/\/elbombo.pl\/wp-content\/uploads\/2025\/09\/1000150813-819x1024.jpg\"> 819w, <img decoding=\"async\" class=\"embedded-image-link\" src=\"https:\/\/elbombo.pl\/wp-content\/uploads\/2025\/09\/1000150813-768x960.jpg\"> 768w, <img decoding=\"async\" class=\"embedded-image-link\" src=\"https:\/\/elbombo.pl\/wp-content\/uploads\/2025\/09\/1000150813-600x750.jpg\"> 600w, <img decoding=\"async\" class=\"embedded-image-link\" src=\"https:\/\/elbombo.pl\/wp-content\/uploads\/2025\/09\/1000150813.jpg\"> 1080w&#8221; sizes=&#8221;(max-width: 240px) 100vw, 240px&#8221; \/>\t\t\t\t\t\t\t\t<\/a><br \/>\n\t\t\t\t\t\t\t\t\t\t\t\t\t\t\t\t<a href=\"https:\/\/elbombo.pl\/index.php\/oferta\/hiszpanski\/dzieci-7-12-lat\/\"><br \/>\n\t\t\t\t\t\t\t<img decoding=\"async\" width=\"240\" height=\"300\" src=\"http:\/\/elbombo.pl\/wp-content\/uploads\/2025\/09\/1000150071-240x300.jpg\" alt=\"\" srcset=\"<img decoding=\"async\" class=\"embedded-image-link\" src=\"https:\/\/elbombo.pl\/wp-content\/uploads\/2025\/09\/1000150071-240x300.jpg\"> 240w, <img decoding=\"async\" class=\"embedded-image-link\" src=\"https:\/\/elbombo.pl\/wp-content\/uploads\/2025\/09\/1000150071-819x1024.jpg\"> 819w, <img decoding=\"async\" class=\"embedded-image-link\" src=\"https:\/\/elbombo.pl\/wp-content\/uploads\/2025\/09\/1000150071-768x960.jpg\"> 768w, <img decoding=\"async\" class=\"embedded-image-link\" src=\"https:\/\/elbombo.pl\/wp-content\/uploads\/2025\/09\/1000150071-600x750.jpg\"> 600w, <img decoding=\"async\" class=\"embedded-image-link\" src=\"https:\/\/elbombo.pl\/wp-content\/uploads\/2025\/09\/1000150071.jpg\"> 1080w&#8221; sizes=&#8221;(max-width: 240px) 100vw, 240px&#8221; \/>\t\t\t\t\t\t\t\t<\/a><\/p>\n","protected":false},"excerpt":{"rendered":"","protected":false},"author":37,"featured_media":0,"parent":0,"menu_order":0,"comment_status":"closed","ping_status":"closed","template":"","meta":{"footnotes":""},"class_list":["post-2784","page","type-page","status-publish","hentry"],"yoast_head":"<!-- This site is optimized with the Yoast SEO plugin v26.8 - https:\/\/yoast.com\/product\/yoast-seo-wordpress\/ -->\n<title>Strona g\u0142\u00f3wna - El Bombo - hiszpa\u0144ski dla dzieci<\/title>\n<meta name=\"robots\" content=\"index, follow, max-snippet:-1, max-image-preview:large, max-video-preview:-1\" \/>\n<link rel=\"canonical\" href=\"http:\/\/elbombo.pl\/index.php\/strona-glowna-2\/\" \/>\n<meta property=\"og:locale\" content=\"en_US\" \/>\n<meta property=\"og:type\" content=\"article\" \/>\n<meta property=\"og:title\" content=\"Strona g\u0142\u00f3wna - El Bombo - hiszpa\u0144ski dla dzieci\" \/>\n<meta property=\"og:url\" content=\"http:\/\/elbombo.pl\/index.php\/strona-glowna-2\/\" \/>\n<meta property=\"og:site_name\" content=\"El Bombo - hiszpa\u0144ski dla dzieci\" \/>\n<meta property=\"article:publisher\" content=\"https:\/\/www.facebook.com\/ninosmusicaleskrakow\" \/>\n<meta property=\"article:modified_time\" content=\"2026-05-04T09:43:50+00:00\" \/>\n<meta property=\"og:image\" content=\"http:\/\/elbombo.pl\/wp-content\/uploads\/2026\/05\/nastroneglowna.png\" \/>\n<meta name=\"twitter:card\" content=\"summary_large_image\" \/>\n<meta name=\"twitter:label1\" content=\"Est. reading time\" \/>\n\t<meta name=\"twitter:data1\" content=\"1 minute\" \/>\n<script type=\"application\/ld+json\" class=\"yoast-schema-graph\">{\"@context\":\"https:\/\/schema.org\",\"@graph\":[{\"@type\":\"WebPage\",\"@id\":\"http:\/\/elbombo.pl\/index.php\/strona-glowna-2\/\",\"url\":\"http:\/\/elbombo.pl\/index.php\/strona-glowna-2\/\",\"name\":\"Strona g\u0142\u00f3wna - El Bombo - hiszpa\u0144ski dla dzieci\",\"isPartOf\":{\"@id\":\"https:\/\/elbombo.pl\/#website\"},\"primaryImageOfPage\":{\"@id\":\"http:\/\/elbombo.pl\/index.php\/strona-glowna-2\/#primaryimage\"},\"image\":{\"@id\":\"http:\/\/elbombo.pl\/index.php\/strona-glowna-2\/#primaryimage\"},\"thumbnailUrl\":\"http:\/\/elbombo.pl\/wp-content\/uploads\/2026\/05\/nastroneglowna.png\",\"datePublished\":\"2026-02-10T09:58:36+00:00\",\"dateModified\":\"2026-05-04T09:43:50+00:00\",\"breadcrumb\":{\"@id\":\"http:\/\/elbombo.pl\/index.php\/strona-glowna-2\/#breadcrumb\"},\"inLanguage\":\"en-US\",\"potentialAction\":[{\"@type\":\"ReadAction\",\"target\":[\"http:\/\/elbombo.pl\/index.php\/strona-glowna-2\/\"]}]},{\"@type\":\"ImageObject\",\"inLanguage\":\"en-US\",\"@id\":\"http:\/\/elbombo.pl\/index.php\/strona-glowna-2\/#primaryimage\",\"url\":\"http:\/\/elbombo.pl\/wp-content\/uploads\/2026\/05\/nastroneglowna.png\",\"contentUrl\":\"http:\/\/elbombo.pl\/wp-content\/uploads\/2026\/05\/nastroneglowna.png\"},{\"@type\":\"BreadcrumbList\",\"@id\":\"http:\/\/elbombo.pl\/index.php\/strona-glowna-2\/#breadcrumb\",\"itemListElement\":[{\"@type\":\"ListItem\",\"position\":1,\"name\":\"Strona g\u0142\u00f3wna\",\"item\":\"https:\/\/elbombo.pl\/\"},{\"@type\":\"ListItem\",\"position\":2,\"name\":\"Strona g\u0142\u00f3wna\"}]},{\"@type\":\"WebSite\",\"@id\":\"https:\/\/elbombo.pl\/#website\",\"url\":\"https:\/\/elbombo.pl\/\",\"name\":\"El Bombo - hiszpa\u0144ski dla dzieci\",\"description\":\"Jedyna w Krakowie szko\u0142a j\u0119zyka hiszpa\u0144skiego dla dzieci!\",\"publisher\":{\"@id\":\"https:\/\/elbombo.pl\/#organization\"},\"potentialAction\":[{\"@type\":\"SearchAction\",\"target\":{\"@type\":\"EntryPoint\",\"urlTemplate\":\"https:\/\/elbombo.pl\/?s={search_term_string}\"},\"query-input\":{\"@type\":\"PropertyValueSpecification\",\"valueRequired\":true,\"valueName\":\"search_term_string\"}}],\"inLanguage\":\"en-US\"},{\"@type\":\"Organization\",\"@id\":\"https:\/\/elbombo.pl\/#organization\",\"name\":\"El Bombo hiszpa\u0144ski dla dzieci\",\"url\":\"https:\/\/elbombo.pl\/\",\"logo\":{\"@type\":\"ImageObject\",\"inLanguage\":\"en-US\",\"@id\":\"https:\/\/elbombo.pl\/#\/schema\/logo\/image\/\",\"url\":\"https:\/\/elbombo.pl\/wp-content\/uploads\/2019\/05\/logo-final.jpg\",\"contentUrl\":\"https:\/\/elbombo.pl\/wp-content\/uploads\/2019\/05\/logo-final.jpg\",\"width\":1772,\"height\":886,\"caption\":\"El Bombo hiszpa\u0144ski dla dzieci\"},\"image\":{\"@id\":\"https:\/\/elbombo.pl\/#\/schema\/logo\/image\/\"},\"sameAs\":[\"https:\/\/www.facebook.com\/ninosmusicaleskrakow\",\"https:\/\/www.instagram.com\/elbombohiszpanski\/\"]}]}<\/script>\n<!-- \/ Yoast SEO plugin. -->","yoast_head_json":{"title":"Strona g\u0142\u00f3wna - El Bombo - hiszpa\u0144ski dla dzieci","robots":{"index":"index","follow":"follow","max-snippet":"max-snippet:-1","max-image-preview":"max-image-preview:large","max-video-preview":"max-video-preview:-1"},"canonical":"http:\/\/elbombo.pl\/index.php\/strona-glowna-2\/","og_locale":"en_US","og_type":"article","og_title":"Strona g\u0142\u00f3wna - El Bombo - hiszpa\u0144ski dla dzieci","og_url":"http:\/\/elbombo.pl\/index.php\/strona-glowna-2\/","og_site_name":"El Bombo - hiszpa\u0144ski dla dzieci","article_publisher":"https:\/\/www.facebook.com\/ninosmusicaleskrakow","article_modified_time":"2026-05-04T09:43:50+00:00","og_image":[{"url":"http:\/\/elbombo.pl\/wp-content\/uploads\/2026\/05\/nastroneglowna.png","type":"","width":"","height":""}],"twitter_card":"summary_large_image","twitter_misc":{"Est. reading time":"1 minute"},"schema":{"@context":"https:\/\/schema.org","@graph":[{"@type":"WebPage","@id":"http:\/\/elbombo.pl\/index.php\/strona-glowna-2\/","url":"http:\/\/elbombo.pl\/index.php\/strona-glowna-2\/","name":"Strona g\u0142\u00f3wna - El Bombo - hiszpa\u0144ski dla dzieci","isPartOf":{"@id":"https:\/\/elbombo.pl\/#website"},"primaryImageOfPage":{"@id":"http:\/\/elbombo.pl\/index.php\/strona-glowna-2\/#primaryimage"},"image":{"@id":"http:\/\/elbombo.pl\/index.php\/strona-glowna-2\/#primaryimage"},"thumbnailUrl":"http:\/\/elbombo.pl\/wp-content\/uploads\/2026\/05\/nastroneglowna.png","datePublished":"2026-02-10T09:58:36+00:00","dateModified":"2026-05-04T09:43:50+00:00","breadcrumb":{"@id":"http:\/\/elbombo.pl\/index.php\/strona-glowna-2\/#breadcrumb"},"inLanguage":"en-US","potentialAction":[{"@type":"ReadAction","target":["http:\/\/elbombo.pl\/index.php\/strona-glowna-2\/"]}]},{"@type":"ImageObject","inLanguage":"en-US","@id":"http:\/\/elbombo.pl\/index.php\/strona-glowna-2\/#primaryimage","url":"http:\/\/elbombo.pl\/wp-content\/uploads\/2026\/05\/nastroneglowna.png","contentUrl":"http:\/\/elbombo.pl\/wp-content\/uploads\/2026\/05\/nastroneglowna.png"},{"@type":"BreadcrumbList","@id":"http:\/\/elbombo.pl\/index.php\/strona-glowna-2\/#breadcrumb","itemListElement":[{"@type":"ListItem","position":1,"name":"Strona g\u0142\u00f3wna","item":"https:\/\/elbombo.pl\/"},{"@type":"ListItem","position":2,"name":"Strona g\u0142\u00f3wna"}]},{"@type":"WebSite","@id":"https:\/\/elbombo.pl\/#website","url":"https:\/\/elbombo.pl\/","name":"El Bombo - hiszpa\u0144ski dla dzieci","description":"Jedyna w Krakowie szko\u0142a j\u0119zyka hiszpa\u0144skiego dla dzieci!","publisher":{"@id":"https:\/\/elbombo.pl\/#organization"},"potentialAction":[{"@type":"SearchAction","target":{"@type":"EntryPoint","urlTemplate":"https:\/\/elbombo.pl\/?s={search_term_string}"},"query-input":{"@type":"PropertyValueSpecification","valueRequired":true,"valueName":"search_term_string"}}],"inLanguage":"en-US"},{"@type":"Organization","@id":"https:\/\/elbombo.pl\/#organization","name":"El Bombo hiszpa\u0144ski dla dzieci","url":"https:\/\/elbombo.pl\/","logo":{"@type":"ImageObject","inLanguage":"en-US","@id":"https:\/\/elbombo.pl\/#\/schema\/logo\/image\/","url":"https:\/\/elbombo.pl\/wp-content\/uploads\/2019\/05\/logo-final.jpg","contentUrl":"https:\/\/elbombo.pl\/wp-content\/uploads\/2019\/05\/logo-final.jpg","width":1772,"height":886,"caption":"El Bombo hiszpa\u0144ski dla dzieci"},"image":{"@id":"https:\/\/elbombo.pl\/#\/schema\/logo\/image\/"},"sameAs":["https:\/\/www.facebook.com\/ninosmusicaleskrakow","https:\/\/www.instagram.com\/elbombohiszpanski\/"]}]}},"_links":{"self":[{"href":"https:\/\/elbombo.pl\/index.php\/wp-json\/wp\/v2\/pages\/2784","targetHints":{"allow":["GET"]}}],"collection":[{"href":"https:\/\/elbombo.pl\/index.php\/wp-json\/wp\/v2\/pages"}],"about":[{"href":"https:\/\/elbombo.pl\/index.php\/wp-json\/wp\/v2\/types\/page"}],"author":[{"embeddable":true,"href":"https:\/\/elbombo.pl\/index.php\/wp-json\/wp\/v2\/users\/37"}],"replies":[{"embeddable":true,"href":"https:\/\/elbombo.pl\/index.php\/wp-json\/wp\/v2\/comments?post=2784"}],"version-history":[{"count":9,"href":"https:\/\/elbombo.pl\/index.php\/wp-json\/wp\/v2\/pages\/2784\/revisions"}],"predecessor-version":[{"id":3140,"href":"https:\/\/elbombo.pl\/index.php\/wp-json\/wp\/v2\/pages\/2784\/revisions\/3140"}],"wp:attachment":[{"href":"https:\/\/elbombo.pl\/index.php\/wp-json\/wp\/v2\/media?parent=2784"}],"curies":[{"name":"wp","href":"https:\/\/api.w.org\/{rel}","templated":true}]}}